{"id":658,"date":"2025-01-31T07:24:16","date_gmt":"2025-01-31T07:24:16","guid":{"rendered":"https:\/\/djm5128a.mmiweb.iut-tlse3.fr\/?post_type=product&#038;p=658"},"modified":"2025-01-31T07:24:17","modified_gmt":"2025-01-31T07:24:17","slug":"sari-elegant-mauve-a-motif-noir","status":"publish","type":"product","link":"https:\/\/djm5128a.mmiweb.iut-tlse3.fr\/?product=sari-elegant-mauve-a-motif-noir","title":{"rendered":"Sari \u00e9l\u00e9gant mauve \u00e0 motif noir"},"content":{"rendered":"","protected":false},"excerpt":{"rendered":"","protected":false},"featured_media":546,"comment_status":"open","ping_status":"closed","template":"","meta":[],"product_cat":[15],"product_tag":[],"class_list":{"0":"post-658","1":"product","2":"type-product","3":"status-publish","4":"has-post-thumbnail","6":"product_cat-non-classe","8":"first","9":"instock","10":"shipping-taxable","11":"purchasable","12":"product-type-simple"},"_links":{"self":[{"href":"https:\/\/djm5128a.mmiweb.iut-tlse3.fr\/index.php?rest_route=\/wp\/v2\/product\/658","targetHints":{"allow":["GET"]}}],"collection":[{"href":"https:\/\/djm5128a.mmiweb.iut-tlse3.fr\/index.php?rest_route=\/wp\/v2\/product"}],"about":[{"href":"https:\/\/djm5128a.mmiweb.iut-tlse3.fr\/index.php?rest_route=\/wp\/v2\/types\/product"}],"replies":[{"embeddable":true,"href":"https:\/\/djm5128a.mmiweb.iut-tlse3.fr\/index.php?rest_route=%2Fwp%2Fv2%2Fcomments&post=658"}],"version-history":[{"count":1,"href":"https:\/\/djm5128a.mmiweb.iut-tlse3.fr\/index.php?rest_route=\/wp\/v2\/product\/658\/revisions"}],"predecessor-version":[{"id":659,"href":"https:\/\/djm5128a.mmiweb.iut-tlse3.fr\/index.php?rest_route=\/wp\/v2\/product\/658\/revisions\/659"}],"wp:featuredmedia":[{"embeddable":true,"href":"https:\/\/djm5128a.mmiweb.iut-tlse3.fr\/index.php?rest_route=\/wp\/v2\/media\/546"}],"wp:attachment":[{"href":"https:\/\/djm5128a.mmiweb.iut-tlse3.fr\/index.php?rest_route=%2Fwp%2Fv2%2Fmedia&parent=658"}],"wp:term":[{"taxonomy":"product_cat","embeddable":true,"href":"https:\/\/djm5128a.mmiweb.iut-tlse3.fr\/index.php?rest_route=%2Fwp%2Fv2%2Fproduct_cat&post=658"},{"taxonomy":"product_tag","embeddable":true,"href":"https:\/\/djm5128a.mmiweb.iut-tlse3.fr\/index.php?rest_route=%2Fwp%2Fv2%2Fproduct_tag&post=658"}],"curies":[{"name":"wp","href":"https:\/\/api.w.org\/{rel}","templated":true}]}}