{"id":641,"date":"2025-01-31T07:09:27","date_gmt":"2025-01-31T07:09:27","guid":{"rendered":"https:\/\/djm5128a.mmiweb.iut-tlse3.fr\/?post_type=product&#038;p=641"},"modified":"2025-01-31T07:09:27","modified_gmt":"2025-01-31T07:09:27","slug":"un-salwar-kameez-argente-avec-des-motifs-etoiles","status":"publish","type":"product","link":"https:\/\/djm5128a.mmiweb.iut-tlse3.fr\/?product=un-salwar-kameez-argente-avec-des-motifs-etoiles","title":{"rendered":"Un salwar kameez argent\u00e9 avec des motifs \u00e9toil\u00e9s."},"content":{"rendered":"","protected":false},"excerpt":{"rendered":"","protected":false},"featured_media":642,"comment_status":"open","ping_status":"closed","template":"","meta":[],"product_cat":[15],"product_tag":[],"class_list":{"0":"post-641","1":"product","2":"type-product","3":"status-publish","4":"has-post-thumbnail","6":"product_cat-non-classe","8":"first","9":"instock","10":"shipping-taxable","11":"purchasable","12":"product-type-simple"},"_links":{"self":[{"href":"https:\/\/djm5128a.mmiweb.iut-tlse3.fr\/index.php?rest_route=\/wp\/v2\/product\/641","targetHints":{"allow":["GET"]}}],"collection":[{"href":"https:\/\/djm5128a.mmiweb.iut-tlse3.fr\/index.php?rest_route=\/wp\/v2\/product"}],"about":[{"href":"https:\/\/djm5128a.mmiweb.iut-tlse3.fr\/index.php?rest_route=\/wp\/v2\/types\/product"}],"replies":[{"embeddable":true,"href":"https:\/\/djm5128a.mmiweb.iut-tlse3.fr\/index.php?rest_route=%2Fwp%2Fv2%2Fcomments&post=641"}],"version-history":[{"count":1,"href":"https:\/\/djm5128a.mmiweb.iut-tlse3.fr\/index.php?rest_route=\/wp\/v2\/product\/641\/revisions"}],"predecessor-version":[{"id":643,"href":"https:\/\/djm5128a.mmiweb.iut-tlse3.fr\/index.php?rest_route=\/wp\/v2\/product\/641\/revisions\/643"}],"wp:featuredmedia":[{"embeddable":true,"href":"https:\/\/djm5128a.mmiweb.iut-tlse3.fr\/index.php?rest_route=\/wp\/v2\/media\/642"}],"wp:attachment":[{"href":"https:\/\/djm5128a.mmiweb.iut-tlse3.fr\/index.php?rest_route=%2Fwp%2Fv2%2Fmedia&parent=641"}],"wp:term":[{"taxonomy":"product_cat","embeddable":true,"href":"https:\/\/djm5128a.mmiweb.iut-tlse3.fr\/index.php?rest_route=%2Fwp%2Fv2%2Fproduct_cat&post=641"},{"taxonomy":"product_tag","embeddable":true,"href":"https:\/\/djm5128a.mmiweb.iut-tlse3.fr\/index.php?rest_route=%2Fwp%2Fv2%2Fproduct_tag&post=641"}],"curies":[{"name":"wp","href":"https:\/\/api.w.org\/{rel}","templated":true}]}}