{"id":478,"date":"2025-01-31T02:35:49","date_gmt":"2025-01-31T02:35:49","guid":{"rendered":"https:\/\/djm5128a.mmiweb.iut-tlse3.fr\/?page_id=478"},"modified":"2025-01-31T07:24:38","modified_gmt":"2025-01-31T07:24:38","slug":"nos-saris","status":"publish","type":"page","link":"https:\/\/djm5128a.mmiweb.iut-tlse3.fr\/?page_id=478","title":{"rendered":"Nos Saris"},"content":{"rendered":"\t\t<div data-elementor-type=\"wp-page\" data-elementor-id=\"478\" class=\"elementor elementor-478\" data-elementor-post-type=\"page\">\n\t\t\t\t<div class=\"elementor-element elementor-element-2a95228 e-con-full e-flex wpr-particle-no wpr-jarallax-no wpr-parallax-no wpr-sticky-section-no e-con e-parent\" data-id=\"2a95228\" data-element_type=\"container\" data-settings=\"{&quot;background_background&quot;:&quot;slideshow&quot;,&quot;background_slideshow_gallery&quot;:[{&quot;id&quot;:132,&quot;url&quot;:&quot;https:\\\/\\\/djm5128a.mmiweb.iut-tlse3.fr\\\/wp-content\\\/uploads\\\/2025\\\/01\\\/fond-robe-_1_.webp&quot;}],&quot;background_slideshow_loop&quot;:&quot;yes&quot;,&quot;background_slideshow_slide_duration&quot;:5000,&quot;background_slideshow_slide_transition&quot;:&quot;fade&quot;,&quot;background_slideshow_transition_duration&quot;:500}\">\n\t\t<div class=\"elementor-element elementor-element-4c34b26 e-con-full e-flex wpr-particle-no wpr-jarallax-no wpr-parallax-no wpr-sticky-section-no e-con e-child\" data-id=\"4c34b26\" data-element_type=\"container\">\n\t\t\t\t<div class=\"elementor-element elementor-element-083214d elementor-widget elementor-widget-heading\" data-id=\"083214d\" data-element_type=\"widget\" data-widget_type=\"heading.default\">\n\t\t\t\t<div class=\"elementor-widget-container\">\n\t\t\t\t\t<h2 class=\"elementor-heading-title elementor-size-default\">Nos Saris<\/h2>\t\t\t\t<\/div>\n\t\t\t\t<\/div>\n\t\t\t\t<div class=\"elementor-element elementor-element-14ec32a elementor-widget elementor-widget-heading\" data-id=\"14ec32a\" data-element_type=\"widget\" data-widget_type=\"heading.default\">\n\t\t\t\t<div class=\"elementor-widget-container\">\n\t\t\t\t\t<h3 class=\"elementor-heading-title elementor-size-default\">Retrouvez tous nos saris \u00e0 qui viens m\u00e9langer tradition et tendance.<\/h3>\t\t\t\t<\/div>\n\t\t\t\t<\/div>\n\t\t\t\t<div class=\"elementor-element elementor-element-525fea9 elementor-widget elementor-widget-button\" data-id=\"525fea9\" data-element_type=\"widget\" data-widget_type=\"button.default\">\n\t\t\t\t<div class=\"elementor-widget-container\">\n\t\t\t\t\t\t\t\t\t<div class=\"elementor-button-wrapper\">\n\t\t\t\t\t<a class=\"elementor-button elementor-button-link elementor-size-sm\" href=\"#\">\n\t\t\t\t\t\t<span class=\"elementor-button-content-wrapper\">\n\t\t\t\t\t\t\t\t\t<span class=\"elementor-button-text\">Nos saris tendances<\/span>\n\t\t\t\t\t<\/span>\n\t\t\t\t\t<\/a>\n\t\t\t\t<\/div>\n\t\t\t\t\t\t\t\t<\/div>\n\t\t\t\t<\/div>\n\t\t\t\t<\/div>\n\t\t\t\t<\/div>\n\t\t<div class=\"elementor-element elementor-element-02d4f3b e-flex e-con-boxed wpr-particle-no wpr-jarallax-no wpr-parallax-no wpr-sticky-section-no e-con e-parent\" data-id=\"02d4f3b\" data-element_type=\"container\">\n\t\t\t\t\t<div class=\"e-con-inner\">\n\t\t\t\t<div class=\"elementor-element elementor-element-b54ebd8 elementor-widget elementor-widget-heading\" data-id=\"b54ebd8\" data-element_type=\"widget\" data-widget_type=\"heading.default\">\n\t\t\t\t<div class=\"elementor-widget-container\">\n\t\t\t\t\t<h1 class=\"elementor-heading-title elementor-size-default\">RETROUVEZ TOUS NOS SARIS<\/h1>\t\t\t\t<\/div>\n\t\t\t\t<\/div>\n\t\t\t\t\t<\/div>\n\t\t\t\t<\/div>\n\t\t<div class=\"elementor-element elementor-element-09b03b2 e-flex e-con-boxed wpr-particle-no wpr-jarallax-no wpr-parallax-no wpr-sticky-section-no e-con e-parent\" data-id=\"09b03b2\" data-element_type=\"container\">\n\t\t\t\t\t<div class=\"e-con-inner\">\n\t\t\t\t<div class=\"elementor-element elementor-element-af73162 elementor-grid-3 elementor-product-loop-item--align-left elementor-grid-mobile-1 elementor-widget-mobile__width-inherit elementor-grid-tablet-3 elementor-products-grid elementor-wc-products elementor-show-pagination-border-yes elementor-widget elementor-widget-woocommerce-products\" data-id=\"af73162\" data-element_type=\"widget\" data-widget_type=\"woocommerce-products.default\">\n\t\t\t\t<div class=\"elementor-widget-container\">\n\t\t\t\t\t<div class=\"woocommerce columns-3 \"><div class=\"woocommerce-notices-wrapper\"><\/div><ul class=\"products elementor-grid columns-3\">\n<li class=\"product type-product post-658 status-publish first instock product_cat-non-classe has-post-thumbnail shipping-taxable purchasable product-type-simple\">\n\t<a href=\"https:\/\/djm5128a.mmiweb.iut-tlse3.fr\/?product=sari-elegant-mauve-a-motif-noir\" class=\"woocommerce-LoopProduct-link woocommerce-loop-product__link\"><img fetchpriority=\"high\" decoding=\"async\" width=\"300\" height=\"300\" src=\"https:\/\/djm5128a.mmiweb.iut-tlse3.fr\/wp-content\/uploads\/2025\/01\/sari-mauve-a-motif-noir-vue-de-dos-vue-de-face-300x300.png\" class=\"attachment-woocommerce_thumbnail size-woocommerce_thumbnail\" alt=\"\" srcset=\"https:\/\/djm5128a.mmiweb.iut-tlse3.fr\/wp-content\/uploads\/2025\/01\/sari-mauve-a-motif-noir-vue-de-dos-vue-de-face-300x300.png 300w, https:\/\/djm5128a.mmiweb.iut-tlse3.fr\/wp-content\/uploads\/2025\/01\/sari-mauve-a-motif-noir-vue-de-dos-vue-de-face-150x150.png 150w, https:\/\/djm5128a.mmiweb.iut-tlse3.fr\/wp-content\/uploads\/2025\/01\/sari-mauve-a-motif-noir-vue-de-dos-vue-de-face-768x768.png 768w, https:\/\/djm5128a.mmiweb.iut-tlse3.fr\/wp-content\/uploads\/2025\/01\/sari-mauve-a-motif-noir-vue-de-dos-vue-de-face-600x600.png 600w, https:\/\/djm5128a.mmiweb.iut-tlse3.fr\/wp-content\/uploads\/2025\/01\/sari-mauve-a-motif-noir-vue-de-dos-vue-de-face-100x100.png 100w, https:\/\/djm5128a.mmiweb.iut-tlse3.fr\/wp-content\/uploads\/2025\/01\/sari-mauve-a-motif-noir-vue-de-dos-vue-de-face.png 1080w\" sizes=\"(max-width: 300px) 100vw, 300px\" \/><h2 class=\"woocommerce-loop-product__title\">Sari \u00e9l\u00e9gant mauve \u00e0 motif noir<\/h2>\n\t<span class=\"price\"><span class=\"woocommerce-Price-amount amount\"><bdi>128,00&nbsp;<span class=\"woocommerce-Price-currencySymbol\">&euro;<\/span><\/bdi><\/span><\/span>\n<\/a><a href=\"?add-to-cart=658\" aria-describedby=\"woocommerce_loop_add_to_cart_link_describedby_658\" data-quantity=\"1\" class=\"button product_type_simple add_to_cart_button ajax_add_to_cart\" data-product_id=\"658\" data-product_sku=\"\" aria-label=\"Ajouter au panier\u00a0: &ldquo;Sari \u00e9l\u00e9gant mauve \u00e0 motif noir&rdquo;\" rel=\"nofollow\" data-success_message=\"\u00ab\u00a0Sari \u00e9l\u00e9gant mauve \u00e0 motif noir\u00a0\u00bb a \u00e9t\u00e9 ajout\u00e9 \u00e0 votre panier\">Ajouter au panier<\/a>\t<span id=\"woocommerce_loop_add_to_cart_link_describedby_658\" class=\"screen-reader-text\">\n\t\t\t<\/span>\n<\/li>\n<li class=\"product type-product post-651 status-publish instock product_cat-non-classe has-post-thumbnail shipping-taxable purchasable product-type-simple\">\n\t<a href=\"https:\/\/djm5128a.mmiweb.iut-tlse3.fr\/?product=sari-noir-et-blanc\" class=\"woocommerce-LoopProduct-link woocommerce-loop-product__link\"><img decoding=\"async\" width=\"300\" height=\"300\" src=\"https:\/\/djm5128a.mmiweb.iut-tlse3.fr\/wp-content\/uploads\/2025\/01\/manequin-robes-indienne-noir-avc-jupe-300x300.jpg\" class=\"attachment-woocommerce_thumbnail size-woocommerce_thumbnail\" alt=\"\" srcset=\"https:\/\/djm5128a.mmiweb.iut-tlse3.fr\/wp-content\/uploads\/2025\/01\/manequin-robes-indienne-noir-avc-jupe-300x300.jpg 300w, https:\/\/djm5128a.mmiweb.iut-tlse3.fr\/wp-content\/uploads\/2025\/01\/manequin-robes-indienne-noir-avc-jupe-150x150.jpg 150w, https:\/\/djm5128a.mmiweb.iut-tlse3.fr\/wp-content\/uploads\/2025\/01\/manequin-robes-indienne-noir-avc-jupe-100x100.jpg 100w\" sizes=\"(max-width: 300px) 100vw, 300px\" \/><h2 class=\"woocommerce-loop-product__title\">Sari noir et blanc<\/h2>\n\t<span class=\"price\"><span class=\"woocommerce-Price-amount amount\"><bdi>69,99&nbsp;<span class=\"woocommerce-Price-currencySymbol\">&euro;<\/span><\/bdi><\/span><\/span>\n<\/a><a href=\"?add-to-cart=651\" aria-describedby=\"woocommerce_loop_add_to_cart_link_describedby_651\" data-quantity=\"1\" class=\"button product_type_simple add_to_cart_button ajax_add_to_cart\" data-product_id=\"651\" data-product_sku=\"\" aria-label=\"Ajouter au panier\u00a0: &ldquo;Sari noir et blanc&rdquo;\" rel=\"nofollow\" data-success_message=\"\u00ab\u00a0Sari noir et blanc\u00a0\u00bb a \u00e9t\u00e9 ajout\u00e9 \u00e0 votre panier\">Ajouter au panier<\/a>\t<span id=\"woocommerce_loop_add_to_cart_link_describedby_651\" class=\"screen-reader-text\">\n\t\t\t<\/span>\n<\/li>\n<li class=\"product type-product post-630 status-publish last instock product_cat-non-classe has-post-thumbnail shipping-taxable purchasable product-type-simple\">\n\t<a href=\"https:\/\/djm5128a.mmiweb.iut-tlse3.fr\/?product=sari-orange-et-mauve\" class=\"woocommerce-LoopProduct-link woocommerce-loop-product__link\"><img decoding=\"async\" width=\"300\" height=\"300\" src=\"https:\/\/djm5128a.mmiweb.iut-tlse3.fr\/wp-content\/uploads\/2025\/01\/sari-orange-et-mauve-vue-de-face-300x300.png\" class=\"attachment-woocommerce_thumbnail size-woocommerce_thumbnail\" alt=\"\" srcset=\"https:\/\/djm5128a.mmiweb.iut-tlse3.fr\/wp-content\/uploads\/2025\/01\/sari-orange-et-mauve-vue-de-face-300x300.png 300w, https:\/\/djm5128a.mmiweb.iut-tlse3.fr\/wp-content\/uploads\/2025\/01\/sari-orange-et-mauve-vue-de-face-150x150.png 150w, https:\/\/djm5128a.mmiweb.iut-tlse3.fr\/wp-content\/uploads\/2025\/01\/sari-orange-et-mauve-vue-de-face-768x768.png 768w, https:\/\/djm5128a.mmiweb.iut-tlse3.fr\/wp-content\/uploads\/2025\/01\/sari-orange-et-mauve-vue-de-face-600x600.png 600w, https:\/\/djm5128a.mmiweb.iut-tlse3.fr\/wp-content\/uploads\/2025\/01\/sari-orange-et-mauve-vue-de-face-100x100.png 100w, https:\/\/djm5128a.mmiweb.iut-tlse3.fr\/wp-content\/uploads\/2025\/01\/sari-orange-et-mauve-vue-de-face.png 1080w\" sizes=\"(max-width: 300px) 100vw, 300px\" \/><h2 class=\"woocommerce-loop-product__title\">Sari orange et mauve<\/h2>\n\t<span class=\"price\"><span class=\"woocommerce-Price-amount amount\"><bdi>139,99&nbsp;<span class=\"woocommerce-Price-currencySymbol\">&euro;<\/span><\/bdi><\/span><\/span>\n<\/a><a href=\"?add-to-cart=630\" aria-describedby=\"woocommerce_loop_add_to_cart_link_describedby_630\" data-quantity=\"1\" class=\"button product_type_simple add_to_cart_button ajax_add_to_cart\" data-product_id=\"630\" data-product_sku=\"\" aria-label=\"Ajouter au panier\u00a0: &ldquo;Sari orange et mauve&rdquo;\" rel=\"nofollow\" data-success_message=\"\u00ab\u00a0Sari orange et mauve\u00a0\u00bb a \u00e9t\u00e9 ajout\u00e9 \u00e0 votre panier\">Ajouter au panier<\/a>\t<span id=\"woocommerce_loop_add_to_cart_link_describedby_630\" class=\"screen-reader-text\">\n\t\t\t<\/span>\n<\/li>\n<li class=\"product type-product post-179 status-publish first instock product_cat-non-classe has-post-thumbnail shipping-taxable purchasable product-type-simple\">\n\t<a href=\"https:\/\/djm5128a.mmiweb.iut-tlse3.fr\/?product=sari-indien-jaune-2\" class=\"woocommerce-LoopProduct-link woocommerce-loop-product__link\"><img loading=\"lazy\" decoding=\"async\" width=\"300\" height=\"300\" src=\"https:\/\/djm5128a.mmiweb.iut-tlse3.fr\/wp-content\/uploads\/2025\/01\/sari-jaune-vue-de-face.webp\" class=\"attachment-woocommerce_thumbnail size-woocommerce_thumbnail\" alt=\"\" \/><h2 class=\"woocommerce-loop-product__title\">Sari indien jaune<\/h2>\n\t<span class=\"price\"><span class=\"woocommerce-Price-amount amount\"><bdi>157,00&nbsp;<span class=\"woocommerce-Price-currencySymbol\">&euro;<\/span><\/bdi><\/span><\/span>\n<\/a><a href=\"?add-to-cart=179\" aria-describedby=\"woocommerce_loop_add_to_cart_link_describedby_179\" data-quantity=\"1\" class=\"button product_type_simple add_to_cart_button ajax_add_to_cart\" data-product_id=\"179\" data-product_sku=\"\" aria-label=\"Ajouter au panier\u00a0: &ldquo;Sari indien jaune&rdquo;\" rel=\"nofollow\" data-success_message=\"\u00ab\u00a0Sari indien jaune\u00a0\u00bb a \u00e9t\u00e9 ajout\u00e9 \u00e0 votre panier\">Ajouter au panier<\/a>\t<span id=\"woocommerce_loop_add_to_cart_link_describedby_179\" class=\"screen-reader-text\">\n\t\t\t<\/span>\n<\/li>\n<li class=\"product type-product post-121 status-publish instock product_cat-non-classe has-post-thumbnail shipping-taxable purchasable product-type-simple\">\n\t<a href=\"https:\/\/djm5128a.mmiweb.iut-tlse3.fr\/?product=sari-elegant-indien-vert-et-blanc\" class=\"woocommerce-LoopProduct-link woocommerce-loop-product__link\"><img loading=\"lazy\" decoding=\"async\" width=\"300\" height=\"300\" src=\"https:\/\/djm5128a.mmiweb.iut-tlse3.fr\/wp-content\/uploads\/2025\/01\/sari-vert-de-face.png\" class=\"attachment-woocommerce_thumbnail size-woocommerce_thumbnail\" alt=\"\" \/><h2 class=\"woocommerce-loop-product__title\">Sari \u00e9l\u00e9gant indien vert et blanc<\/h2>\n\t<span class=\"price\"><span class=\"woocommerce-Price-amount amount\"><bdi>249,99&nbsp;<span class=\"woocommerce-Price-currencySymbol\">&euro;<\/span><\/bdi><\/span><\/span>\n<\/a><a href=\"?add-to-cart=121\" aria-describedby=\"woocommerce_loop_add_to_cart_link_describedby_121\" data-quantity=\"1\" class=\"button product_type_simple add_to_cart_button ajax_add_to_cart\" data-product_id=\"121\" data-product_sku=\"\" aria-label=\"Ajouter au panier\u00a0: &ldquo;Sari \u00e9l\u00e9gant indien vert et blanc&rdquo;\" rel=\"nofollow\" data-success_message=\"\u00ab\u00a0Sari \u00e9l\u00e9gant indien vert et blanc\u00a0\u00bb a \u00e9t\u00e9 ajout\u00e9 \u00e0 votre panier\">Ajouter au panier<\/a>\t<span id=\"woocommerce_loop_add_to_cart_link_describedby_121\" class=\"screen-reader-text\">\n\t\t\t<\/span>\n<\/li>\n<li class=\"product type-product post-167 status-publish last instock product_cat-non-classe has-post-thumbnail shipping-taxable purchasable product-type-simple\">\n\t<a href=\"https:\/\/djm5128a.mmiweb.iut-tlse3.fr\/?product=sari-indien-jaune\" class=\"woocommerce-LoopProduct-link woocommerce-loop-product__link\"><img loading=\"lazy\" decoding=\"async\" width=\"300\" height=\"300\" src=\"https:\/\/djm5128a.mmiweb.iut-tlse3.fr\/wp-content\/uploads\/2025\/01\/sari-rouge-300x300.webp\" class=\"attachment-woocommerce_thumbnail size-woocommerce_thumbnail\" alt=\"\" \/><h2 class=\"woocommerce-loop-product__title\">Sari indien rouge<\/h2>\n\t<span class=\"price\"><span class=\"woocommerce-Price-amount amount\"><bdi>149,99&nbsp;<span class=\"woocommerce-Price-currencySymbol\">&euro;<\/span><\/bdi><\/span><\/span>\n<\/a><a href=\"?add-to-cart=167\" aria-describedby=\"woocommerce_loop_add_to_cart_link_describedby_167\" data-quantity=\"1\" class=\"button product_type_simple add_to_cart_button ajax_add_to_cart\" data-product_id=\"167\" data-product_sku=\"\" aria-label=\"Ajouter au panier\u00a0: &ldquo;Sari indien rouge&rdquo;\" rel=\"nofollow\" data-success_message=\"\u00ab\u00a0Sari indien rouge\u00a0\u00bb a \u00e9t\u00e9 ajout\u00e9 \u00e0 votre panier\">Ajouter au panier<\/a>\t<span id=\"woocommerce_loop_add_to_cart_link_describedby_167\" class=\"screen-reader-text\">\n\t\t\t<\/span>\n<\/li>\n<\/ul>\n<\/div>\t\t\t\t<\/div>\n\t\t\t\t<\/div>\n\t\t\t\t\t<\/div>\n\t\t\t\t<\/div>\n\t\t<div class=\"elementor-element elementor-element-10e02be6 e-flex e-con-boxed wpr-particle-no wpr-jarallax-no wpr-parallax-no wpr-sticky-section-no e-con e-parent\" data-id=\"10e02be6\" data-element_type=\"container\" data-settings=\"{&quot;background_background&quot;:&quot;gradient&quot;}\">\n\t\t\t\t\t<div class=\"e-con-inner\">\n\t\t\t\t<div class=\"elementor-element elementor-element-36b5f8d5 elementor-widget elementor-widget-spacer\" data-id=\"36b5f8d5\" data-element_type=\"widget\" data-widget_type=\"spacer.default\">\n\t\t\t\t<div class=\"elementor-widget-container\">\n\t\t\t\t\t\t\t<div class=\"elementor-spacer\">\n\t\t\t<div class=\"elementor-spacer-inner\"><\/div>\n\t\t<\/div>\n\t\t\t\t\t\t<\/div>\n\t\t\t\t<\/div>\n\t\t\t\t<div class=\"elementor-element elementor-element-132e48aa elementor-invisible elementor-widget elementor-widget-heading\" data-id=\"132e48aa\" data-element_type=\"widget\" data-settings=\"{&quot;_animation&quot;:&quot;fadeIn&quot;}\" data-widget_type=\"heading.default\">\n\t\t\t\t<div class=\"elementor-widget-container\">\n\t\t\t\t\t<h2 class=\"elementor-heading-title elementor-size-default\">FAQ<\/h2>\t\t\t\t<\/div>\n\t\t\t\t<\/div>\n\t\t\t\t<div class=\"elementor-element elementor-element-2fb17923 elementor-widget elementor-widget-spacer\" data-id=\"2fb17923\" data-element_type=\"widget\" data-widget_type=\"spacer.default\">\n\t\t\t\t<div class=\"elementor-widget-container\">\n\t\t\t\t\t\t\t<div class=\"elementor-spacer\">\n\t\t\t<div class=\"elementor-spacer-inner\"><\/div>\n\t\t<\/div>\n\t\t\t\t\t\t<\/div>\n\t\t\t\t<\/div>\n\t\t\t\t<div class=\"elementor-element elementor-element-2414e341 elementor-widget__width-inherit elementor-widget elementor-widget-toggle\" data-id=\"2414e341\" data-element_type=\"widget\" data-widget_type=\"toggle.default\">\n\t\t\t\t<div class=\"elementor-widget-container\">\n\t\t\t\t\t\t\t<div class=\"elementor-toggle\">\n\t\t\t\t\t\t\t<div class=\"elementor-toggle-item\">\n\t\t\t\t\t<h5 id=\"elementor-tab-title-6051\" class=\"elementor-tab-title\" data-tab=\"1\" role=\"button\" aria-controls=\"elementor-tab-content-6051\" aria-expanded=\"false\">\n\t\t\t\t\t\t\t\t\t\t\t\t<span class=\"elementor-toggle-icon elementor-toggle-icon-left\" aria-hidden=\"true\">\n\t\t\t\t\t\t\t\t\t\t\t\t\t\t\t<span class=\"elementor-toggle-icon-closed\"><svg xmlns=\"http:\/\/www.w3.org\/2000\/svg\" id=\"b159ff04-3740-4ac3-96cc-b414ded50b3a\" data-name=\"Layer 1\" width=\"16\" height=\"16\" viewBox=\"0 0 16 16\"><polygon points=\"8.39 7.64 8.39 0 7.61 0 7.61 7.64 0 7.64 0 8.4 7.61 8.4 7.61 16 8.39 16 8.39 8.4 16 8.4 16 7.64 8.39 7.64\"><\/polygon><\/svg><\/span>\n\t\t\t\t\t\t\t\t<span class=\"elementor-toggle-icon-opened\"><svg xmlns=\"http:\/\/www.w3.org\/2000\/svg\" id=\"adf49d60-5815-4ece-8d49-00a021de5c06\" data-name=\"Layer 1\" width=\"16\" height=\"16\" viewBox=\"0 0 16 16\"><rect width=\"16\" height=\"16\" style=\"opacity:0\"><\/rect><rect y=\"7.64\" width=\"16\" height=\"0.76\"><\/rect><\/svg><\/span>\n\t\t\t\t\t\t\t\t\t\t\t\t\t<\/span>\n\t\t\t\t\t\t\t\t\t\t\t\t<a class=\"elementor-toggle-title\" tabindex=\"0\">Quels styles de salwar kameez proposez-vous ?<\/a>\n\t\t\t\t\t<\/h5>\n\n\t\t\t\t\t<div id=\"elementor-tab-content-6051\" class=\"elementor-tab-content elementor-clearfix\" data-tab=\"1\" role=\"region\" aria-labelledby=\"elementor-tab-title-6051\"><p>Notre collection inclut des salwar kameez classiques, modernes, ainsi que des designs plus cr\u00e9atifs pour toutes les occasions : mariages, f\u00eates ou \u00e9v\u00e9nements sp\u00e9ciaux.<\/p><\/div>\n\t\t\t\t<\/div>\n\t\t\t\t\t\t\t<div class=\"elementor-toggle-item\">\n\t\t\t\t\t<h5 id=\"elementor-tab-title-6052\" class=\"elementor-tab-title\" data-tab=\"2\" role=\"button\" aria-controls=\"elementor-tab-content-6052\" aria-expanded=\"false\">\n\t\t\t\t\t\t\t\t\t\t\t\t<span class=\"elementor-toggle-icon elementor-toggle-icon-left\" aria-hidden=\"true\">\n\t\t\t\t\t\t\t\t\t\t\t\t\t\t\t<span class=\"elementor-toggle-icon-closed\"><svg xmlns=\"http:\/\/www.w3.org\/2000\/svg\" id=\"b159ff04-3740-4ac3-96cc-b414ded50b3a\" data-name=\"Layer 1\" width=\"16\" height=\"16\" viewBox=\"0 0 16 16\"><polygon points=\"8.39 7.64 8.39 0 7.61 0 7.61 7.64 0 7.64 0 8.4 7.61 8.4 7.61 16 8.39 16 8.39 8.4 16 8.4 16 7.64 8.39 7.64\"><\/polygon><\/svg><\/span>\n\t\t\t\t\t\t\t\t<span class=\"elementor-toggle-icon-opened\"><svg xmlns=\"http:\/\/www.w3.org\/2000\/svg\" id=\"adf49d60-5815-4ece-8d49-00a021de5c06\" data-name=\"Layer 1\" width=\"16\" height=\"16\" viewBox=\"0 0 16 16\"><rect width=\"16\" height=\"16\" style=\"opacity:0\"><\/rect><rect y=\"7.64\" width=\"16\" height=\"0.76\"><\/rect><\/svg><\/span>\n\t\t\t\t\t\t\t\t\t\t\t\t\t<\/span>\n\t\t\t\t\t\t\t\t\t\t\t\t<a class=\"elementor-toggle-title\" tabindex=\"0\">Comment choisir la bonne taille pour un salwar kameez ?<\/a>\n\t\t\t\t\t<\/h5>\n\n\t\t\t\t\t<div id=\"elementor-tab-content-6052\" class=\"elementor-tab-content elementor-clearfix\" data-tab=\"2\" role=\"region\" aria-labelledby=\"elementor-tab-title-6052\"><p>La plupart de nos salwar kameez sont disponibles en tailles standard, mais nous proposons \u00e9galement des options sur mesure pour un ajustement parfait. Consultez notre guide des tailles pour plus de pr\u00e9cisions.<\/p><\/div>\n\t\t\t\t<\/div>\n\t\t\t\t\t\t\t<div class=\"elementor-toggle-item\">\n\t\t\t\t\t<h5 id=\"elementor-tab-title-6053\" class=\"elementor-tab-title\" data-tab=\"3\" role=\"button\" aria-controls=\"elementor-tab-content-6053\" aria-expanded=\"false\">\n\t\t\t\t\t\t\t\t\t\t\t\t<span class=\"elementor-toggle-icon elementor-toggle-icon-left\" aria-hidden=\"true\">\n\t\t\t\t\t\t\t\t\t\t\t\t\t\t\t<span class=\"elementor-toggle-icon-closed\"><svg xmlns=\"http:\/\/www.w3.org\/2000\/svg\" id=\"b159ff04-3740-4ac3-96cc-b414ded50b3a\" data-name=\"Layer 1\" width=\"16\" height=\"16\" viewBox=\"0 0 16 16\"><polygon points=\"8.39 7.64 8.39 0 7.61 0 7.61 7.64 0 7.64 0 8.4 7.61 8.4 7.61 16 8.39 16 8.39 8.4 16 8.4 16 7.64 8.39 7.64\"><\/polygon><\/svg><\/span>\n\t\t\t\t\t\t\t\t<span class=\"elementor-toggle-icon-opened\"><svg xmlns=\"http:\/\/www.w3.org\/2000\/svg\" id=\"adf49d60-5815-4ece-8d49-00a021de5c06\" data-name=\"Layer 1\" width=\"16\" height=\"16\" viewBox=\"0 0 16 16\"><rect width=\"16\" height=\"16\" style=\"opacity:0\"><\/rect><rect y=\"7.64\" width=\"16\" height=\"0.76\"><\/rect><\/svg><\/span>\n\t\t\t\t\t\t\t\t\t\t\t\t\t<\/span>\n\t\t\t\t\t\t\t\t\t\t\t\t<a class=\"elementor-toggle-title\" tabindex=\"0\">Puis-je personnaliser la couleur ou la taille de mon salwar kameez ?<\/a>\n\t\t\t\t\t<\/h5>\n\n\t\t\t\t\t<div id=\"elementor-tab-content-6053\" class=\"elementor-tab-content elementor-clearfix\" data-tab=\"3\" role=\"region\" aria-labelledby=\"elementor-tab-title-6053\"><p>Nous offrons une personnalisation limit\u00e9e selon la disponibilit\u00e9 des tissus et des couleurs. N&rsquo;h\u00e9sitez pas \u00e0 nous envoyer un message si vous avez une demande sp\u00e9cifique.<\/p><\/div>\n\t\t\t\t<\/div>\n\t\t\t\t\t\t\t<div class=\"elementor-toggle-item\">\n\t\t\t\t\t<h5 id=\"elementor-tab-title-6054\" class=\"elementor-tab-title\" data-tab=\"4\" role=\"button\" aria-controls=\"elementor-tab-content-6054\" aria-expanded=\"false\">\n\t\t\t\t\t\t\t\t\t\t\t\t<span class=\"elementor-toggle-icon elementor-toggle-icon-left\" aria-hidden=\"true\">\n\t\t\t\t\t\t\t\t\t\t\t\t\t\t\t<span class=\"elementor-toggle-icon-closed\"><svg xmlns=\"http:\/\/www.w3.org\/2000\/svg\" id=\"b159ff04-3740-4ac3-96cc-b414ded50b3a\" data-name=\"Layer 1\" width=\"16\" height=\"16\" viewBox=\"0 0 16 16\"><polygon points=\"8.39 7.64 8.39 0 7.61 0 7.61 7.64 0 7.64 0 8.4 7.61 8.4 7.61 16 8.39 16 8.39 8.4 16 8.4 16 7.64 8.39 7.64\"><\/polygon><\/svg><\/span>\n\t\t\t\t\t\t\t\t<span class=\"elementor-toggle-icon-opened\"><svg xmlns=\"http:\/\/www.w3.org\/2000\/svg\" id=\"adf49d60-5815-4ece-8d49-00a021de5c06\" data-name=\"Layer 1\" width=\"16\" height=\"16\" viewBox=\"0 0 16 16\"><rect width=\"16\" height=\"16\" style=\"opacity:0\"><\/rect><rect y=\"7.64\" width=\"16\" height=\"0.76\"><\/rect><\/svg><\/span>\n\t\t\t\t\t\t\t\t\t\t\t\t\t<\/span>\n\t\t\t\t\t\t\t\t\t\t\t\t<a class=\"elementor-toggle-title\" tabindex=\"0\"> Est-ce que les salwar kameez sont adapt\u00e9s \u00e0 toutes les saisons ?<\/a>\n\t\t\t\t\t<\/h5>\n\n\t\t\t\t\t<div id=\"elementor-tab-content-6054\" class=\"elementor-tab-content elementor-clearfix\" data-tab=\"4\" role=\"region\" aria-labelledby=\"elementor-tab-title-6054\"><p>Oui, nous proposons des salwar kameez adapt\u00e9s \u00e0 toutes les saisons, du coton l\u00e9ger pour l&rsquo;\u00e9t\u00e9 \u00e0 la soie et la laine pour l&rsquo;hiver. Vous trouverez des tissus pour chaque occasion.<\/p><\/div>\n\t\t\t\t<\/div>\n\t\t\t\t\t\t\t\t<\/div>\n\t\t\t\t\t\t<\/div>\n\t\t\t\t<\/div>\n\t\t\t\t\t<\/div>\n\t\t\t\t<\/div>\n\t\t\t\t<\/div>\n\t\t","protected":false},"excerpt":{"rendered":"<p>Nos Saris Retrouvez tous nos saris \u00e0 qui viens m\u00e9langer tradition et tendance. Nos saris tendances RETROUVEZ TOUS NOS SARIS FAQ Quels styles de salwar kameez proposez-vous ? Notre collection inclut des salwar kameez classiques, modernes, ainsi que des designs plus cr\u00e9atifs pour toutes les occasions : mariages, f\u00eates ou \u00e9v\u00e9nements sp\u00e9ciaux. Comment choisir la bonne taille pour un salwar kameez ? La plupart de nos salwar kameez sont disponibles en tailles standard, mais nous proposons \u00e9galement des options sur mesure pour un ajustement parfait. Consultez notre guide des tailles pour plus de pr\u00e9cisions. Puis-je personnaliser la couleur ou la taille de mon salwar kameez ? Nous offrons une personnalisation limit\u00e9e selon la disponibilit\u00e9 des tissus et des couleurs. N&rsquo;h\u00e9sitez pas \u00e0 nous envoyer un message si vous avez une demande sp\u00e9cifique. Est-ce que les salwar kameez sont adapt\u00e9s \u00e0 toutes les saisons ? Oui, nous proposons des salwar kameez adapt\u00e9s \u00e0 toutes les saisons, du coton l\u00e9ger pour l&rsquo;\u00e9t\u00e9 \u00e0 la soie et la laine pour l&rsquo;hiver. Vous trouverez des tissus pour chaque occasion.<\/p>\n","protected":false},"author":1,"featured_media":0,"parent":0,"menu_order":0,"comment_status":"closed","ping_status":"closed","template":"","meta":{"footnotes":""},"class_list":["post-478","page","type-page","status-publish","hentry"],"_links":{"self":[{"href":"https:\/\/djm5128a.mmiweb.iut-tlse3.fr\/index.php?rest_route=\/wp\/v2\/pages\/478","targetHints":{"allow":["GET"]}}],"collection":[{"href":"https:\/\/djm5128a.mmiweb.iut-tlse3.fr\/index.php?rest_route=\/wp\/v2\/pages"}],"about":[{"href":"https:\/\/djm5128a.mmiweb.iut-tlse3.fr\/index.php?rest_route=\/wp\/v2\/types\/page"}],"author":[{"embeddable":true,"href":"https:\/\/djm5128a.mmiweb.iut-tlse3.fr\/index.php?rest_route=\/wp\/v2\/users\/1"}],"replies":[{"embeddable":true,"href":"https:\/\/djm5128a.mmiweb.iut-tlse3.fr\/index.php?rest_route=%2Fwp%2Fv2%2Fcomments&post=478"}],"version-history":[{"count":16,"href":"https:\/\/djm5128a.mmiweb.iut-tlse3.fr\/index.php?rest_route=\/wp\/v2\/pages\/478\/revisions"}],"predecessor-version":[{"id":665,"href":"https:\/\/djm5128a.mmiweb.iut-tlse3.fr\/index.php?rest_route=\/wp\/v2\/pages\/478\/revisions\/665"}],"wp:attachment":[{"href":"https:\/\/djm5128a.mmiweb.iut-tlse3.fr\/index.php?rest_route=%2Fwp%2Fv2%2Fmedia&parent=478"}],"curies":[{"name":"wp","href":"https:\/\/api.w.org\/{rel}","templated":true}]}}