{"id":326,"date":"2025-01-30T13:42:30","date_gmt":"2025-01-30T13:42:30","guid":{"rendered":"https:\/\/djm5128a.mmiweb.iut-tlse3.fr\/?page_id=326"},"modified":"2025-01-31T03:03:11","modified_gmt":"2025-01-31T03:03:11","slug":"panier","status":"publish","type":"page","link":"https:\/\/djm5128a.mmiweb.iut-tlse3.fr\/?page_id=326","title":{"rendered":"Panier"},"content":{"rendered":"\t\t<div data-elementor-type=\"wp-page\" data-elementor-id=\"326\" class=\"elementor elementor-326\" data-elementor-post-type=\"page\">\n\t\t\t\t<div class=\"elementor-element elementor-element-7d9a533f e-con-full e-flex wpr-particle-no wpr-jarallax-no wpr-parallax-no wpr-sticky-section-no e-con e-parent\" data-id=\"7d9a533f\" data-element_type=\"container\" data-settings=\"{&quot;background_background&quot;:&quot;gradient&quot;}\">\n\t\t<div class=\"elementor-element elementor-element-8b7859a e-flex e-con-boxed wpr-particle-no wpr-jarallax-no wpr-parallax-no wpr-sticky-section-no e-con e-child\" data-id=\"8b7859a\" data-element_type=\"container\">\n\t\t\t\t\t<div class=\"e-con-inner\">\n\t\t\t\t<div class=\"elementor-element elementor-element-1ea8ff76 wpr-cart-horizontal elementor-widget__width-initial wpr-checkout-flex-end elementor-widget elementor-widget-wpr-page-cart\" data-id=\"1ea8ff76\" data-element_type=\"widget\" data-widget_type=\"wpr-page-cart.default\">\n\t\t\t\t<div class=\"elementor-widget-container\">\n\t\t\t\t\t<div class=\"woocommerce\"><div class=\"woocommerce-notices-wrapper\"><\/div><div class=\"wc-empty-cart-message\">\n\t<div class=\"cart-empty woocommerce-info\">\n\t\tVotre panier est actuellement vide.\t<\/div>\n<\/div><\/div>\t\t\t\t<\/div>\n\t\t\t\t<\/div>\n\t\t\t\t\t<\/div>\n\t\t\t\t<\/div>\n\t\t\t\t<\/div>\n\t\t\t\t<\/div>\n\t\t","protected":false},"excerpt":{"rendered":"<p>&nbsp; Produit &nbsp; Prix Quantit\u00e9 Sous-total &times; Sari indien jaune 157,00&nbsp;&euro; quantit\u00e9 de Sari indien jaune 785,00&nbsp;&euro; Mettre \u00e0 jour le panier Appliquer un coupon Prix Totales Sous-total 785,00&nbsp;&euro; Total 785,00&nbsp;&euro; Proc\u00e9der au paie ment<\/p>\n","protected":false},"author":1,"featured_media":0,"parent":0,"menu_order":0,"comment_status":"closed","ping_status":"closed","template":"elementor_theme","meta":{"footnotes":""},"class_list":["post-326","page","type-page","status-publish","hentry"],"_links":{"self":[{"href":"https:\/\/djm5128a.mmiweb.iut-tlse3.fr\/index.php?rest_route=\/wp\/v2\/pages\/326","targetHints":{"allow":["GET"]}}],"collection":[{"href":"https:\/\/djm5128a.mmiweb.iut-tlse3.fr\/index.php?rest_route=\/wp\/v2\/pages"}],"about":[{"href":"https:\/\/djm5128a.mmiweb.iut-tlse3.fr\/index.php?rest_route=\/wp\/v2\/types\/page"}],"author":[{"embeddable":true,"href":"https:\/\/djm5128a.mmiweb.iut-tlse3.fr\/index.php?rest_route=\/wp\/v2\/users\/1"}],"replies":[{"embeddable":true,"href":"https:\/\/djm5128a.mmiweb.iut-tlse3.fr\/index.php?rest_route=%2Fwp%2Fv2%2Fcomments&post=326"}],"version-history":[{"count":44,"href":"https:\/\/djm5128a.mmiweb.iut-tlse3.fr\/index.php?rest_route=\/wp\/v2\/pages\/326\/revisions"}],"predecessor-version":[{"id":495,"href":"https:\/\/djm5128a.mmiweb.iut-tlse3.fr\/index.php?rest_route=\/wp\/v2\/pages\/326\/revisions\/495"}],"wp:attachment":[{"href":"https:\/\/djm5128a.mmiweb.iut-tlse3.fr\/index.php?rest_route=%2Fwp%2Fv2%2Fmedia&parent=326"}],"curies":[{"name":"wp","href":"https:\/\/api.w.org\/{rel}","templated":true}]}}